{"id":99438,"date":"2026-03-03T12:37:17","date_gmt":"2026-03-03T09:37:17","guid":{"rendered":"https:\/\/www.deckro.net\/?post_type=product&#038;p=99438"},"modified":"2026-03-03T23:17:29","modified_gmt":"2026-03-03T20:17:29","slug":"d-uni-series-32u-600x1000-floor-standing-rack-cabinet-2","status":"publish","type":"product","link":"https:\/\/www.deckro.net\/tr\/\u00fcr\u00fcnler\/d-uni-series-32u-600x1000-floor-standing-rack-cabinet-2\/","title":{"rendered":"D-UNI Serisi 32U 600&#215;1000 Dikili Tip Rack Kabinet"},"content":{"rendered":"\t\t<div data-elementor-type=\"product-post\" data-elementor-id=\"99438\" class=\"elementor elementor-99438 elementor-99435\" data-elementor-post-type=\"product\">\n\t\t\t\t<div class=\"elementor-element elementor-element-3594ea6a e-flex e-con-boxed e-con e-parent\" data-id=\"3594ea6a\" data-element_type=\"container\" data-e-type=\"container\">\n\t\t\t\t\t<div class=\"e-con-inner\">\n\t\t\t\t<div class=\"elementor-element elementor-element-2757d529 elementor-drop-cap-yes elementor-drop-cap-view-default elementor-widget elementor-widget-text-editor\" data-id=\"2757d529\" data-element_type=\"widget\" data-e-type=\"widget\" data-settings=\"{&quot;drop_cap&quot;:&quot;yes&quot;}\" data-widget_type=\"text-editor.default\">\n\t\t\t\t<div class=\"elementor-widget-container\">\n\t\t\t\t\t\t\t\t\t<p><strong>DECKRO D-UNI<\/strong> serisi A\u011f kabinleri s\u00f6z konusu oldu\u011funda, verimli ve etkili a\u011f kablolamas\u0131 i\u00e7in kolayl\u0131k ve esneklik temel fakt\u00f6rlerdir. Bu nedenle, D-UNI serisi a\u011f kabinleri bu ilkeler g\u00f6z \u00f6n\u00fcnde bulundurularak geli\u015ftirilmi\u015ftir. Bu kabinler, \u00e7ok \u00e7e\u015fitli uygulama senaryolar\u0131 i\u00e7in \u00e7ok y\u00f6nl\u00fc ve kullan\u0131c\u0131 dostu bir \u00e7\u00f6z\u00fcm sunmak \u00fczere tasarlanm\u0131\u015ft\u0131r.  <\/p><p>D-UNI serisinin \u00f6ne \u00e7\u0131kan \u00f6zelliklerinden biri, f\u0131r\u00e7alarla donat\u0131lm\u0131\u015f tavan ve zemindeki giri\u015flerdir. 600 mm geni\u015fli\u011findeki bu giri\u015fler, kolay ve d\u00fczenli kablo y\u00f6netimi sa\u011flar. K\u00f6p\u00fck kau\u00e7uk contal\u0131 ve arka kap\u0131n\u0131n \u00fcst\u00fcnde ve alt\u0131nda f\u0131r\u00e7a y\u00f6netim panelleri bulunan zemin yap\u0131s\u0131ndaki kayar giri\u015f, bu kabinlerin rahatl\u0131\u011f\u0131n\u0131 ve esnekli\u011fini daha da art\u0131r\u0131r.  <\/p><p>Ancak hepsi bu kadar de\u011fil \u2013 D-UNI serisi, profil raylar\u0131n\u0131n yan\u0131na monte edilmi\u015f braketlerle dikey kablo kanallar\u0131 da i\u00e7erir (600 mm dolap geni\u015fli\u011finden itibaren). Bu \u00f6zellik, kablolar\u0131n d\u00fczenli ve yolun d\u0131\u015f\u0131nda tutulmas\u0131na yard\u0131mc\u0131 olarak temiz ve d\u00fczenli bir kurulum sa\u011flar. Ayr\u0131ca, havaland\u0131rma yar\u0131klar\u0131 bulunan ofset, \u00e7\u0131kar\u0131labilir kapak, hava sirk\u00fclasyonunu art\u0131rarak daha verimli bir so\u011futma sistemi sa\u011flar. Bu kapak, fan mod\u00fcl\u00fcn\u00fcn kolay montaj\u0131 i\u00e7in \u00f6zel bir tasar\u0131ma sahiptir, b\u00f6ylece a\u011f ekipman\u0131n\u0131z i\u00e7in ideal s\u0131cakl\u0131\u011f\u0131 korumak daha da kolay hale gelir.   <\/p><p>Her bir D-UNI kabininin i\u00e7i, her iki y\u00f6nde de okunabilen raf birimleri ile etiketlenmi\u015f iki \u00e7ift galvanizli 483 mm (19\u201d) profil ray ile donat\u0131lm\u0131\u015ft\u0131r. Bu profil raylar derinlik a\u00e7\u0131s\u0131ndan ayarlanabilir ve kabin i\u00e7indeki ek derinlik \u00e7ubuklar\u0131na ba\u011flanm\u0131\u015ft\u0131r. Bu sayede, \u00f6zel ekipman ve kablolama ihtiya\u00e7lar\u0131n\u0131za g\u00f6re kolayca \u00f6zelle\u015ftirme yapabilirsiniz.  <\/p><p>Bu kabinlerin dayan\u0131kl\u0131l\u0131\u011f\u0131n\u0131 da unutmayal\u0131m. Her biri 1,5 mm kal\u0131nl\u0131\u011fa kadar \u00e7elikten \u00fcretilmi\u015ftir ve a\u011f altyap\u0131n\u0131z i\u00e7in sa\u011flam ve uzun \u00f6m\u00fcrl\u00fc bir \u00e7\u00f6z\u00fcm sunar. <\/p><p>D-UNI serisi a\u011f kabinleri, rahat ve esnek a\u011f kablolamas\u0131 i\u00e7in kapsaml\u0131 bir \u00e7\u00f6z\u00fcm sunar. F\u0131r\u00e7al\u0131 giri\u015fler, k\u00f6p\u00fck kau\u00e7uk contal\u0131 kayar giri\u015f, f\u0131r\u00e7a y\u00f6netim panelleri, dikey kablo kanallar\u0131 ve ayarlanabilir profil raylar\u0131 gibi \u00f6zelliklere sahip bu kabinler, a\u011f kurulumunuzu \u00e7ocuk oyunca\u011f\u0131 haline getirmek i\u00e7in tasarlanm\u0131\u015ft\u0131r. Dayan\u0131kl\u0131 yap\u0131lar\u0131 sayesinde, a\u011f ekipmanlar\u0131n\u0131z\u0131n y\u0131llar boyunca g\u00fcvenli ve d\u00fczenli olaca\u011f\u0131na g\u00fcvenebilirsiniz.  <\/p>\t\t\t\t\t\t\t\t<\/div>\n\t\t\t\t<\/div>\n\t\t\t\t\t<\/div>\n\t\t\t\t<\/div>\n\t\t\t\t<\/div>\n\t\t","protected":false},"excerpt":{"rendered":"<p><b><strong>DECKRO D-UNI<\/strong><\/b> serisi veri, g\u00fcvenlik, g\u00f6rsel-i\u015fitsel ve telekom\u00fcnikasyon alanlar\u0131nda \u00e7ok \u00e7e\u015fitli uygulamalar i\u00e7in profesyonel teknik ve estetik bir g\u00f6r\u00fcn\u00fcmle optimum performans sa\u011flamak \u00fczere tasarlanm\u0131\u015ft\u0131r ve farkl\u0131 y\u00fckseklik ve derinlik se\u00e7enekleri mevcuttur.<\/p>\n<p>G\u00fc\u00e7, kullan\u0131m kolayl\u0131\u011f\u0131 ve estetik, D-UNI Rack tasar\u0131m\u0131n\u0131n \u00f6ncelikleri aras\u0131ndad\u0131r. Her kabin, daha iyi hava sirk\u00fclasyonu i\u00e7in havaland\u0131rmal\u0131 bir tavana sahiptir. Tamamen ayarlanabilir \u00f6n ve arka profil raylar\u0131 ve kabinin geni\u015f kablo giri\u015fleri, bu \u00fcr\u00fcn\u00fc montajc\u0131lar i\u00e7in son derece cazip hale getirir.  <\/p>\n<p>Her raf, 1,5 mm&#8217;ye kadar kal\u0131nl\u0131kta sa\u011flam \u00e7elik sacdan olu\u015fur. \u00d6zel bir sac b\u00fckme tekni\u011fi sayesinde, sa\u011flam \u00e7elik yap\u0131 olarak \u00e7ok iyi bir stabilite sa\u011flar ve 1000 kg&#8217;a kadar y\u00fck kapasitesi elde edilebilir.<\/p>\n","protected":false},"featured_media":94578,"template":"","meta":{"_acf_changed":false,"_monsterinsights_skip_tracking":false,"_monsterinsights_sitenote_active":true,"_monsterinsights_sitenote_note":"Published: D-UNI Series 12U 600x600 Floor Standing Rack Cabinet","_monsterinsights_sitenote_category":127},"product_brand":[],"product_cat":[999,994],"product_tag":[1135],"class_list":{"0":"post-99438","1":"product","2":"type-product","3":"status-publish","4":"has-post-thumbnail","6":"product_cat-ag-kabinleri","7":"product_cat-d-uni-racks","8":"product_tag-d-uni-ag-kabinleri","10":"first","11":"instock","12":"downloadable","13":"shipping-taxable","14":"product-type-simple"},"acf":[],"jetpack_sharing_enabled":true,"_links":{"self":[{"href":"https:\/\/www.deckro.net\/tr\/wp-json\/wp\/v2\/product\/99438","targetHints":{"allow":["GET"]}}],"collection":[{"href":"https:\/\/www.deckro.net\/tr\/wp-json\/wp\/v2\/product"}],"about":[{"href":"https:\/\/www.deckro.net\/tr\/wp-json\/wp\/v2\/types\/product"}],"version-history":[{"count":3,"href":"https:\/\/www.deckro.net\/tr\/wp-json\/wp\/v2\/product\/99438\/revisions"}],"predecessor-version":[{"id":99460,"href":"https:\/\/www.deckro.net\/tr\/wp-json\/wp\/v2\/product\/99438\/revisions\/99460"}],"wp:featuredmedia":[{"embeddable":true,"href":"https:\/\/www.deckro.net\/tr\/wp-json\/wp\/v2\/media\/94578"}],"wp:attachment":[{"href":"https:\/\/www.deckro.net\/tr\/wp-json\/wp\/v2\/media?parent=99438"}],"wp:term":[{"taxonomy":"product_brand","embeddable":true,"href":"https:\/\/www.deckro.net\/tr\/wp-json\/wp\/v2\/product_brand?post=99438"},{"taxonomy":"product_cat","embeddable":true,"href":"https:\/\/www.deckro.net\/tr\/wp-json\/wp\/v2\/product_cat?post=99438"},{"taxonomy":"product_tag","embeddable":true,"href":"https:\/\/www.deckro.net\/tr\/wp-json\/wp\/v2\/product_tag?post=99438"}],"curies":[{"name":"wp","href":"https:\/\/api.w.org\/{rel}","templated":true}]}}