{"id":99437,"date":"2026-03-03T12:37:17","date_gmt":"2026-03-03T09:37:17","guid":{"rendered":"https:\/\/www.deckro.net\/?post_type=product&#038;p=99437"},"modified":"2026-03-03T23:17:26","modified_gmt":"2026-03-03T20:17:26","slug":"d-uni-seria-32u-600x1000-dulap-rack-de-podea-copy","status":"publish","type":"product","link":"https:\/\/www.deckro.net\/ro\/produs\/d-uni-seria-32u-600x1000-dulap-rack-de-podea-copy\/","title":{"rendered":"Seria D-UNI 32U 600&#215;1000 Dulap rack de podea"},"content":{"rendered":"\t\t<div data-elementor-type=\"product-post\" data-elementor-id=\"99437\" class=\"elementor elementor-99437 elementor-99435\" data-elementor-post-type=\"product\">\n\t\t\t\t<div class=\"elementor-element elementor-element-3594ea6a e-flex e-con-boxed e-con e-parent\" data-id=\"3594ea6a\" data-element_type=\"container\" data-e-type=\"container\">\n\t\t\t\t\t<div class=\"e-con-inner\">\n\t\t\t\t<div class=\"elementor-element elementor-element-2757d529 elementor-drop-cap-yes elementor-drop-cap-view-default elementor-widget elementor-widget-text-editor\" data-id=\"2757d529\" data-element_type=\"widget\" data-e-type=\"widget\" data-settings=\"{&quot;drop_cap&quot;:&quot;yes&quot;}\" data-widget_type=\"text-editor.default\">\n\t\t\t\t<div class=\"elementor-widget-container\">\n\t\t\t\t\t\t\t\t\t<p><strong>DECKRO D-UNI<\/strong> seria C\u00e2nd vine vorba de dulapuri de re\u021bea, comoditatea \u0219i flexibilitatea sunt factori cheie pentru o cablare de re\u021bea eficient\u0103 \u0219i eficace. De aceea, seria D-UNI de dulapuri de re\u021bea a fost dezvoltat\u0103 av\u00e2nd \u00een vedere aceste principii. Aceste dulapuri sunt proiectate pentru a oferi o solu\u021bie versatil\u0103 \u0219i u\u0219or de utilizat pentru o gam\u0103 larg\u0103 de scenarii de aplicare.  <\/p><p>Una dintre caracteristicile remarcabile ale seriei D-UNI este reprezentat\u0103 de orificiile de intrare din tavan \u0219i podea, echipate cu perii. Aceste orificii de intrare, cu o l\u0103\u021bime de 600 mm, permit gestionarea u\u0219oar\u0103 \u0219i organizat\u0103 a cablurilor. Orificiul de intrare glisant din structura podelei, cu garnitur\u0103 din cauciuc spongios \u0219i panouri de gestionare a periilor \u00een partea din spate, deasupra \u0219i sub u\u0219a din spate, spore\u0219te \u0219i mai mult confortul \u0219i flexibilitatea acestor dulapuri.  <\/p><p>Dar asta nu este tot \u2013 seria D-UNI include \u0219i canale verticale pentru cabluri cu suporturi instalate l\u00e2ng\u0103 \u0219inele profilate (\u00eencep\u00e2nd cu o l\u0103\u021bime a dulapului de 600 mm). Aceast\u0103 caracteristic\u0103 ajut\u0103 la organizarea cablurilor \u0219i la men\u021binerea lor \u00een ordine, asigur\u00e2nd o configurare curat\u0103 \u0219i ordonat\u0103. \u00cen plus, capacul deta\u0219abil, decalat, cu fante de ventila\u021bie, permite o circula\u021bie \u00eembun\u0103t\u0103\u021bit\u0103 a aerului, cre\u00e2nd un sistem de r\u0103cire mai eficient. Acest capac are, de asemenea, un design special pentru montarea u\u0219oar\u0103 a unui modul de ventilator, f\u0103c\u00e2nd \u0219i mai u\u0219oar\u0103 men\u021binerea temperaturii ideale pentru echipamentele dvs. de re\u021bea.   <\/p><p>Interiorul fiec\u0103rui dulap D-UNI este echipat cu dou\u0103 perechi de \u0219ine profilate zincate de 483 mm (19\u201d), etichetate cu unit\u0103\u021bi rack lizibile \u00een ambele direc\u021bii. Aceste \u0219ine profilate sunt reglabile \u00een ad\u00e2ncime \u0219i sunt conectate la bare de ad\u00e2ncime suplimentare din dulap. Acest lucru permite o personalizare u\u0219oar\u0103 pentru a se potrivi cu echipamentul dvs. specific \u0219i cu nevoile de cablare.  <\/p><p>\u0218i s\u0103 nu uit\u0103m de durabilitatea acestor dulapuri. Fiecare dintre ele este fabricat din o\u021bel cu grosimea de p\u00e2n\u0103 la 1,5 mm, asigur\u00e2nd o solu\u021bie robust\u0103 \u0219i durabil\u0103 pentru infrastructura dvs. de re\u021bea. <\/p><p>Seria D-UNI de dulapuri de re\u021bea ofer\u0103 o solu\u021bie complet\u0103 pentru cablarea convenabil\u0103 \u0219i flexibil\u0103 a re\u021belei. Cu caracteristici precum prize cu perii, prize glisante cu garnitur\u0103 din cauciuc spongios, panouri de gestionare a periilor, canale verticale pentru cabluri \u0219i \u0219ine profilate reglabile, aceste dulapuri sunt concepute pentru a facilita configurarea re\u021belei. \u0218i datorit\u0103 construc\u021biei lor durabile, pute\u021bi avea \u00eencredere c\u0103 echipamentele dvs. de re\u021bea vor fi sigure \u0219i bine organizate pentru mul\u021bi ani de acum \u00eenainte.  <\/p>\t\t\t\t\t\t\t\t<\/div>\n\t\t\t\t<\/div>\n\t\t\t\t\t<\/div>\n\t\t\t\t<\/div>\n\t\t\t\t<\/div>\n\t\t","protected":false},"excerpt":{"rendered":"<p><b><strong>DECKRO D-UNI<\/strong><\/b> gama este conceput\u0103 pentru a oferi performan\u021be optime, cu un aspect tehnic \u0219i estetic profesional, pentru o gam\u0103 larg\u0103 de aplica\u021bii \u00een domeniile datelor, securit\u0103\u021bii, audiovizualului \u0219i telecomunica\u021biilor \u0219i este disponibil\u0103 \u00een diverse variante de \u00een\u0103l\u021bime \u0219i ad\u00e2ncime.<\/p>\n<p>Rezisten\u021ba, u\u0219urin\u021ba \u00een utilizare \u0219i estetica sunt priorit\u0103\u021bile designului D-UNI Rack. Fiecare dulap are un acoperi\u0219 ventilat pentru o mai bun\u0103 circula\u021bie a aerului. \u0218inele frontale \u0219i posterioare complet reglabile \u0219i intr\u0103rile largi pentru cabluri ale dulapului fac acest produs extrem de atractiv pentru instalatori.  <\/p>\n<p>Fiecare raft este fabricat din tabl\u0103 de o\u021bel rezistent\u0103 de p\u00e2n\u0103 la 1,5 mm, care, datorit\u0103 unei tehnici speciale de \u00eendoire a pl\u0103cilor, asigur\u0103 o stabilitate foarte bun\u0103 ca o construc\u021bie solid\u0103 din o\u021bel \u0219i poate atinge o capacitate de \u00eenc\u0103rcare de p\u00e2n\u0103 la 1000 kg.<\/p>\n","protected":false},"featured_media":94586,"template":"","meta":{"_acf_changed":false,"_monsterinsights_skip_tracking":false,"_monsterinsights_sitenote_active":true,"_monsterinsights_sitenote_note":"Published: D-UNI Series 12U 600x600 Floor Standing Rack Cabinet","_monsterinsights_sitenote_category":127},"product_brand":[],"product_cat":[992,997],"product_tag":[1133],"class_list":{"0":"post-99437","1":"product","2":"type-product","3":"status-publish","4":"has-post-thumbnail","6":"product_cat-d-uni-racks","7":"product_cat-dulapuri-de-retea","8":"product_tag-d-uni-rafturi-de-retea","10":"first","11":"instock","12":"downloadable","13":"shipping-taxable","14":"product-type-simple"},"acf":[],"jetpack_sharing_enabled":true,"_links":{"self":[{"href":"https:\/\/www.deckro.net\/ro\/wp-json\/wp\/v2\/product\/99437","targetHints":{"allow":["GET"]}}],"collection":[{"href":"https:\/\/www.deckro.net\/ro\/wp-json\/wp\/v2\/product"}],"about":[{"href":"https:\/\/www.deckro.net\/ro\/wp-json\/wp\/v2\/types\/product"}],"version-history":[{"count":2,"href":"https:\/\/www.deckro.net\/ro\/wp-json\/wp\/v2\/product\/99437\/revisions"}],"predecessor-version":[{"id":99452,"href":"https:\/\/www.deckro.net\/ro\/wp-json\/wp\/v2\/product\/99437\/revisions\/99452"}],"wp:featuredmedia":[{"embeddable":true,"href":"https:\/\/www.deckro.net\/ro\/wp-json\/wp\/v2\/media\/94586"}],"wp:attachment":[{"href":"https:\/\/www.deckro.net\/ro\/wp-json\/wp\/v2\/media?parent=99437"}],"wp:term":[{"taxonomy":"product_brand","embeddable":true,"href":"https:\/\/www.deckro.net\/ro\/wp-json\/wp\/v2\/product_brand?post=99437"},{"taxonomy":"product_cat","embeddable":true,"href":"https:\/\/www.deckro.net\/ro\/wp-json\/wp\/v2\/product_cat?post=99437"},{"taxonomy":"product_tag","embeddable":true,"href":"https:\/\/www.deckro.net\/ro\/wp-json\/wp\/v2\/product_tag?post=99437"}],"curies":[{"name":"wp","href":"https:\/\/api.w.org\/{rel}","templated":true}]}}