{"id":99443,"date":"2026-03-03T12:37:17","date_gmt":"2026-03-03T09:37:17","guid":{"rendered":"https:\/\/www.deckro.net\/?post_type=product&#038;p=99443"},"modified":"2026-03-03T23:17:24","modified_gmt":"2026-03-03T20:17:24","slug":"d-uni-series-32u-600x1000-floor-standing-rack-cabinet-2","status":"publish","type":"product","link":"https:\/\/www.deckro.net\/fr\/produit\/d-uni-series-32u-600x1000-floor-standing-rack-cabinet-2\/","title":{"rendered":"Armoire rack au sol D-UNI s\u00e9rie 32U 600&#215;1000"},"content":{"rendered":"\t\t<div data-elementor-type=\"product-post\" data-elementor-id=\"99443\" class=\"elementor elementor-99443 elementor-99435\" data-elementor-post-type=\"product\">\n\t\t\t\t<div class=\"elementor-element elementor-element-3594ea6a e-flex e-con-boxed e-con e-parent\" data-id=\"3594ea6a\" data-element_type=\"container\" data-e-type=\"container\">\n\t\t\t\t\t<div class=\"e-con-inner\">\n\t\t\t\t<div class=\"elementor-element elementor-element-2757d529 elementor-drop-cap-yes elementor-drop-cap-view-default elementor-widget elementor-widget-text-editor\" data-id=\"2757d529\" data-element_type=\"widget\" data-e-type=\"widget\" data-settings=\"{&quot;drop_cap&quot;:&quot;yes&quot;}\" data-widget_type=\"text-editor.default\">\n\t\t\t\t<div class=\"elementor-widget-container\">\n\t\t\t\t\t\t\t\t\t<p><strong>DECKRO<\/strong> S\u00e9rie <strong>D-UNI<\/strong> Lorsqu&rsquo;il s&rsquo;agit d&rsquo;armoires de r\u00e9seau, le confort et la flexibilit\u00e9 sont des facteurs cl\u00e9s pour un c\u00e2blage de r\u00e9seau efficace et performant. C&rsquo;est pourquoi les armoires r\u00e9seau de la s\u00e9rie D-UNI ont \u00e9t\u00e9 d\u00e9velopp\u00e9es en tenant compte de ces principes. Ces armoires sont con\u00e7ues pour fournir une solution polyvalente et conviviale pour un large \u00e9ventail de sc\u00e9narios d&rsquo;application.  <\/p><p>L&rsquo;une des caract\u00e9ristiques les plus remarquables de la s\u00e9rie D-UNI est la pr\u00e9sence d&rsquo;entr\u00e9es dans le toit et le sol, \u00e9quip\u00e9es de brosses. Ces entr\u00e9es, d&rsquo;une largeur de 600 mm, permettent une gestion facile et organis\u00e9e des c\u00e2bles. L&rsquo;entr\u00e9e coulissante dans la structure du plancher, avec un joint en caoutchouc mousse et des panneaux de gestion des brosses \u00e0 l&rsquo;arri\u00e8re, au-dessus et au-dessous de la porte arri\u00e8re, ajoute encore \u00e0 la commodit\u00e9 et \u00e0 la flexibilit\u00e9 de ces armoires.  <\/p><p>Mais ce n&rsquo;est pas tout &#8211; la s\u00e9rie D-UNI comprend \u00e9galement des canaux de c\u00e2bles verticaux avec des supports install\u00e9s \u00e0 c\u00f4t\u00e9 des rails profil\u00e9s (\u00e0 partir d&rsquo;une largeur d&rsquo;armoire de 600 mm). Cette caract\u00e9ristique permet de garder les c\u00e2bles organis\u00e9s et hors du chemin, garantissant ainsi une installation propre et ordonn\u00e9e. De plus, le couvercle amovible d\u00e9cal\u00e9 avec des fentes d&rsquo;a\u00e9ration permet une meilleure circulation de l&rsquo;air, cr\u00e9ant ainsi un syst\u00e8me de refroidissement plus efficace.   Ce couvercle est \u00e9galement dot\u00e9 d&rsquo;une conception sp\u00e9ciale qui facilite le montage d&rsquo;un module de ventilation, ce qui permet de maintenir encore plus facilement la temp\u00e9rature id\u00e9ale pour votre \u00e9quipement r\u00e9seau.<\/p><p>L&rsquo;int\u00e9rieur de chaque armoire D-UNI est \u00e9quip\u00e9 de deux paires de rails profil\u00e9s galvanis\u00e9s de 483 mm (19&Prime;), \u00e9tiquet\u00e9s avec des unit\u00e9s de rack lisibles dans les deux sens. Ces rails profil\u00e9s sont r\u00e9glables en profondeur et sont reli\u00e9s \u00e0 des barres de profondeur suppl\u00e9mentaires dans l&rsquo;armoire. Cela permet de personnaliser facilement l&rsquo;armoire pour r\u00e9pondre \u00e0 vos besoins sp\u00e9cifiques en mati\u00e8re d&rsquo;\u00e9quipement et de c\u00e2blage.  <\/p><p>N&rsquo;oublions pas non plus la durabilit\u00e9 de ces armoires. Chacune d&rsquo;entre elles est fabriqu\u00e9e en acier d&rsquo;une \u00e9paisseur allant jusqu&rsquo;\u00e0 1,5 mm, ce qui garantit une solution solide et durable pour votre infrastructure r\u00e9seau. <\/p><p>La s\u00e9rie d&rsquo;armoires r\u00e9seau D-UNI offre une solution compl\u00e8te pour un c\u00e2blage r\u00e9seau pratique et flexible. Avec des caract\u00e9ristiques telles que des entr\u00e9es avec brosses, des entr\u00e9es coulissantes avec joint en caoutchouc mousse, des panneaux de gestion des brosses, des canaux de c\u00e2bles verticaux et des rails \u00e0 profil r\u00e9glable, ces armoires sont con\u00e7ues pour faciliter l&rsquo;installation de votre r\u00e9seau. Gr\u00e2ce \u00e0 leur construction durable, vous pouvez \u00eatre s\u00fbr que votre \u00e9quipement r\u00e9seau sera s\u00e9curis\u00e9 et bien organis\u00e9 pour les ann\u00e9es \u00e0 venir.  <\/p>\t\t\t\t\t\t\t\t<\/div>\n\t\t\t\t<\/div>\n\t\t\t\t\t<\/div>\n\t\t\t\t<\/div>\n\t\t\t\t<\/div>\n\t\t","protected":false},"excerpt":{"rendered":"<p><b><strong>LA GAMME DECKRO D-UNI<\/strong><\/b> est con\u00e7ue pour fournir des performances optimales avec un aspect technique et esth\u00e9tique professionnel pour une large gamme d&rsquo;applications dans les domaines de l&rsquo;informatique, de la s\u00e9curit\u00e9, de l&rsquo;audiovisuel et des t\u00e9l\u00e9communications et est disponible en hauteur et en profondeur.<\/p>\n<p>La solidit\u00e9, la facilit\u00e9 d&rsquo;utilisation et l&rsquo;esth\u00e9tique sont les priorit\u00e9s de la conception des baies D-UNI. Chaque armoire dispose d&rsquo;un toit ventil\u00e9 pour une meilleure circulation de l&rsquo;air. Les rails profil\u00e9s avant et arri\u00e8re enti\u00e8rement r\u00e9glables et les larges entr\u00e9es de c\u00e2bles de l&rsquo;armoire rendent ce produit extr\u00eamement attrayant pour les installateurs.  <\/p>\n<p>Chaque \u00e9tag\u00e8re est constitu\u00e9e d&rsquo;une t\u00f4le d&rsquo;acier solide d&rsquo;une \u00e9paisseur maximale de 1,5 mm qui, gr\u00e2ce \u00e0 une technique sp\u00e9ciale de pliage des t\u00f4les, assure une tr\u00e8s bonne stabilit\u00e9 en tant que construction en acier massif et permet d&rsquo;atteindre une capacit\u00e9 de charge de 1000 kg.<\/p>\n","protected":false},"featured_media":87520,"template":"","meta":{"_acf_changed":false,"_monsterinsights_skip_tracking":false,"_monsterinsights_sitenote_active":true,"_monsterinsights_sitenote_note":"Published: D-UNI Series 12U 600x600 Floor Standing Rack Cabinet","_monsterinsights_sitenote_category":127},"product_brand":[],"product_cat":[995,990],"product_tag":[1098],"class_list":{"0":"post-99443","1":"product","2":"type-product","3":"status-publish","4":"has-post-thumbnail","6":"product_cat-armoires-reseau","7":"product_cat-d-uni-racks","8":"product_tag-d-uni-networking-racks","10":"first","11":"instock","12":"downloadable","13":"shipping-taxable","14":"product-type-simple"},"acf":[],"jetpack_sharing_enabled":true,"_links":{"self":[{"href":"https:\/\/www.deckro.net\/fr\/wp-json\/wp\/v2\/product\/99443","targetHints":{"allow":["GET"]}}],"collection":[{"href":"https:\/\/www.deckro.net\/fr\/wp-json\/wp\/v2\/product"}],"about":[{"href":"https:\/\/www.deckro.net\/fr\/wp-json\/wp\/v2\/types\/product"}],"version-history":[{"count":3,"href":"https:\/\/www.deckro.net\/fr\/wp-json\/wp\/v2\/product\/99443\/revisions"}],"predecessor-version":[{"id":99454,"href":"https:\/\/www.deckro.net\/fr\/wp-json\/wp\/v2\/product\/99443\/revisions\/99454"}],"wp:featuredmedia":[{"embeddable":true,"href":"https:\/\/www.deckro.net\/fr\/wp-json\/wp\/v2\/media\/87520"}],"wp:attachment":[{"href":"https:\/\/www.deckro.net\/fr\/wp-json\/wp\/v2\/media?parent=99443"}],"wp:term":[{"taxonomy":"product_brand","embeddable":true,"href":"https:\/\/www.deckro.net\/fr\/wp-json\/wp\/v2\/product_brand?post=99443"},{"taxonomy":"product_cat","embeddable":true,"href":"https:\/\/www.deckro.net\/fr\/wp-json\/wp\/v2\/product_cat?post=99443"},{"taxonomy":"product_tag","embeddable":true,"href":"https:\/\/www.deckro.net\/fr\/wp-json\/wp\/v2\/product_tag?post=99443"}],"curies":[{"name":"wp","href":"https:\/\/api.w.org\/{rel}","templated":true}]}}