{"id":99436,"date":"2026-03-03T12:37:17","date_gmt":"2026-03-03T09:37:17","guid":{"rendered":"https:\/\/www.deckro.net\/?post_type=product&#038;p=99436"},"modified":"2026-03-03T23:17:21","modified_gmt":"2026-03-03T20:17:21","slug":"d-uni-series-32u-600x1000-floor-standing-rack-cabinet-2","status":"publish","type":"product","link":"https:\/\/www.deckro.net\/es\/producto\/d-uni-series-32u-600x1000-floor-standing-rack-cabinet-2\/","title":{"rendered":"Armario rack autoportante Serie D-UNI 32U 600&#215;1000"},"content":{"rendered":"\t\t<div data-elementor-type=\"product-post\" data-elementor-id=\"99436\" class=\"elementor elementor-99436 elementor-99435\" data-elementor-post-type=\"product\">\n\t\t\t\t<div class=\"elementor-element elementor-element-3594ea6a e-flex e-con-boxed e-con e-parent\" data-id=\"3594ea6a\" data-element_type=\"container\" data-e-type=\"container\">\n\t\t\t\t\t<div class=\"e-con-inner\">\n\t\t\t\t<div class=\"elementor-element elementor-element-2757d529 elementor-drop-cap-yes elementor-drop-cap-view-default elementor-widget elementor-widget-text-editor\" data-id=\"2757d529\" data-element_type=\"widget\" data-e-type=\"widget\" data-settings=\"{&quot;drop_cap&quot;:&quot;yes&quot;}\" data-widget_type=\"text-editor.default\">\n\t\t\t\t<div class=\"elementor-widget-container\">\n\t\t\t\t\t\t\t\t\t<p><strong>DECKRO<\/strong> Serie D-UNI Cuando se trata de armarios de red, la comodidad y la flexibilidad son factores clave para un cableado de red eficiente y eficaz. Por eso, los armarios de red de la serie D-UNI se han desarrollado teniendo en cuenta estos principios. Estos armarios est\u00e1n dise\u00f1ados para proporcionar una soluci\u00f3n vers\u00e1til y f\u00e1cil de usar para una amplia gama de escenarios de aplicaci\u00f3n.  <\/p><p>Una de las caracter\u00edsticas destacadas de la serie D-UNI son las entradas en el techo y el suelo, equipadas con cepillos. Estas entradas, de 600 mm de anchura, permiten una gesti\u00f3n f\u00e1cil y organizada de los cables. La entrada deslizante en la estructura del suelo, con una junta de gomaespuma y paneles de gesti\u00f3n de escobillas en la parte trasera por encima y por debajo de la puerta trasera, aumenta a\u00fan m\u00e1s la comodidad y flexibilidad de estos armarios.  <\/p><p>Pero eso no es todo: la serie D-UNI tambi\u00e9n incluye canales de cables verticales con soportes instalados junto a los ra\u00edles perfilados (a partir de una anchura de armario de 600 mm). Esta caracter\u00edstica ayuda a mantener los cables organizados y fuera del camino, garantizando una instalaci\u00f3n limpia y ordenada. Adem\u00e1s, la cubierta desplazada y extra\u00edble con ranuras de ventilaci\u00f3n permite una mejor circulaci\u00f3n del aire, creando un sistema de refrigeraci\u00f3n m\u00e1s eficiente. Esta cubierta tambi\u00e9n tiene un dise\u00f1o especial para montar f\u00e1cilmente un m\u00f3dulo de ventilador, lo que facilita a\u00fan m\u00e1s el mantenimiento de la temperatura ideal para tu equipo de red.   <\/p><p>El interior de cada armario D-UNI est\u00e1 equipado con dos pares de ra\u00edles perfilados galvanizados de 483 mm (19&#8243;), etiquetados con unidades de rack legibles en ambas direcciones. Estos ra\u00edles de perfil son ajustables en profundidad y est\u00e1n conectados a barras de profundidad adicionales en el armario. Esto permite personalizarlo f\u00e1cilmente para adaptarlo a tus necesidades espec\u00edficas de equipo y cableado.  <\/p><p>Y no nos olvidemos de la durabilidad de estos armarios. Cada uno est\u00e1 fabricado con acero de hasta 1,5 mm de grosor, lo que garantiza una soluci\u00f3n resistente y duradera para tu infraestructura de red. <\/p><p>La serie D-UNI de armarios de red ofrece una soluci\u00f3n completa para un cableado de red c\u00f3modo y flexible. Con caracter\u00edsticas como entradas con escobillas, entrada deslizante con junta de gomaespuma, paneles de gesti\u00f3n de escobillas, canales verticales para cables y ra\u00edles de perfil ajustable, estos armarios est\u00e1n dise\u00f1ados para que la configuraci\u00f3n de tu red sea un juego de ni\u00f1os. Y con su construcci\u00f3n duradera, puedes confiar en que tu equipo de red estar\u00e1 seguro y bien organizado durante a\u00f1os.  <\/p>\t\t\t\t\t\t\t\t<\/div>\n\t\t\t\t<\/div>\n\t\t\t\t\t<\/div>\n\t\t\t\t<\/div>\n\t\t\t\t<\/div>\n\t\t","protected":false},"excerpt":{"rendered":"<p><b><strong>DECKRO D-UNI<\/strong><\/b> est\u00e1 dise\u00f1ada para ofrecer un rendimiento \u00f3ptimo con un aspecto t\u00e9cnico y est\u00e9tico profesional para una amplia gama de aplicaciones en los campos de datos, seguridad, audiovisual y telecomunicaciones, y est\u00e1 disponible en gamas de altura y profundidad.<\/p>\n<p>La resistencia, la facilidad de uso y la est\u00e9tica son las prioridades del dise\u00f1o de los Racks D-UNI. Cada armario tiene un techo ventilado para una mejor circulaci\u00f3n del aire. Los ra\u00edles de perfil delantero y trasero totalmente ajustables y las amplias entradas de cables del armario hacen que este producto resulte muy atractivo para los instaladores.  <\/p>\n<p>Cada estante est\u00e1 formado por una resistente chapa de acero de hasta 1,5 mm que, gracias a una t\u00e9cnica especial de doblado de chapas, garantiza una estabilidad muy buena, ya que se puede conseguir una s\u00f3lida construcci\u00f3n de acero y una capacidad de carga de hasta 1.000 kg.<\/p>\n","protected":false},"featured_media":87522,"template":"","meta":{"_acf_changed":false,"_monsterinsights_skip_tracking":false,"_monsterinsights_sitenote_active":true,"_monsterinsights_sitenote_note":"Published: D-UNI Series 12U 600x600 Floor Standing Rack Cabinet","_monsterinsights_sitenote_category":127},"product_brand":[],"product_cat":[998,993],"product_tag":[1134],"class_list":{"0":"post-99436","1":"product","2":"type-product","3":"status-publish","4":"has-post-thumbnail","6":"product_cat-armarios-de-redes","7":"product_cat-d-uni-racks","8":"product_tag-bastidores-de-red-d-uni","10":"first","11":"instock","12":"downloadable","13":"shipping-taxable","14":"product-type-simple"},"acf":[],"jetpack_sharing_enabled":true,"_links":{"self":[{"href":"https:\/\/www.deckro.net\/es\/wp-json\/wp\/v2\/product\/99436","targetHints":{"allow":["GET"]}}],"collection":[{"href":"https:\/\/www.deckro.net\/es\/wp-json\/wp\/v2\/product"}],"about":[{"href":"https:\/\/www.deckro.net\/es\/wp-json\/wp\/v2\/types\/product"}],"version-history":[{"count":3,"href":"https:\/\/www.deckro.net\/es\/wp-json\/wp\/v2\/product\/99436\/revisions"}],"predecessor-version":[{"id":99456,"href":"https:\/\/www.deckro.net\/es\/wp-json\/wp\/v2\/product\/99436\/revisions\/99456"}],"wp:featuredmedia":[{"embeddable":true,"href":"https:\/\/www.deckro.net\/es\/wp-json\/wp\/v2\/media\/87522"}],"wp:attachment":[{"href":"https:\/\/www.deckro.net\/es\/wp-json\/wp\/v2\/media?parent=99436"}],"wp:term":[{"taxonomy":"product_brand","embeddable":true,"href":"https:\/\/www.deckro.net\/es\/wp-json\/wp\/v2\/product_brand?post=99436"},{"taxonomy":"product_cat","embeddable":true,"href":"https:\/\/www.deckro.net\/es\/wp-json\/wp\/v2\/product_cat?post=99436"},{"taxonomy":"product_tag","embeddable":true,"href":"https:\/\/www.deckro.net\/es\/wp-json\/wp\/v2\/product_tag?post=99436"}],"curies":[{"name":"wp","href":"https:\/\/api.w.org\/{rel}","templated":true}]}}