{"id":99444,"date":"2026-03-03T12:37:17","date_gmt":"2026-03-03T09:37:17","guid":{"rendered":"https:\/\/www.deckro.net\/?post_type=product&#038;p=99444"},"modified":"2026-03-03T23:17:18","modified_gmt":"2026-03-03T20:17:18","slug":"d-uni-series-32u-600x1000-floor-standing-rack-cabinet-2","status":"publish","type":"product","link":"https:\/\/www.deckro.net\/de\/produkt\/d-uni-series-32u-600x1000-floor-standing-rack-cabinet-2\/","title":{"rendered":"Netzwerkschrank D-UNI Serie 32U 600&#215;1000"},"content":{"rendered":"\t\t<div data-elementor-type=\"product-post\" data-elementor-id=\"99444\" class=\"elementor elementor-99444 elementor-99435\" data-elementor-post-type=\"product\">\n\t\t\t\t<div class=\"elementor-element elementor-element-3594ea6a e-flex e-con-boxed e-con e-parent\" data-id=\"3594ea6a\" data-element_type=\"container\" data-e-type=\"container\">\n\t\t\t\t\t<div class=\"e-con-inner\">\n\t\t\t\t<div class=\"elementor-element elementor-element-2757d529 elementor-drop-cap-yes elementor-drop-cap-view-default elementor-widget elementor-widget-text-editor\" data-id=\"2757d529\" data-element_type=\"widget\" data-e-type=\"widget\" data-settings=\"{&quot;drop_cap&quot;:&quot;yes&quot;}\" data-widget_type=\"text-editor.default\">\n\t\t\t\t<div class=\"elementor-widget-container\">\n\t\t\t\t\t\t\t\t\t<p><strong>DECKRO D-UNI<\/strong> Serie Wenn es um Netzwerkschr\u00e4nke geht, sind Komfort und Flexibilit\u00e4t die Schl\u00fcsselfaktoren f\u00fcr eine effiziente und effektive Netzwerkverkabelung. Aus diesem Grund wurden die Netzwerkschr\u00e4nke der D-UNI-Serie nach diesen Grunds\u00e4tzen entwickelt. Diese Schr\u00e4nke sind so konzipiert, dass sie eine vielseitige und benutzerfreundliche L\u00f6sung f\u00fcr eine breite Palette von Anwendungsszenarien bieten.  <\/p><p>Eines der herausragenden Merkmale der D-UNI Serie sind die mit B\u00fcrsten ausgestatteten Einl\u00e4sse im Dach und im Boden. Diese 600 mm breiten Einl\u00e4sse erm\u00f6glichen ein einfaches und organisiertes Kabelmanagement. Der verschiebbare Einlass in der Bodenstruktur mit einer Schaumgummidichtung und B\u00fcrstenabdeckungen auf der R\u00fcckseite oberhalb und unterhalb der hinteren T\u00fcr tr\u00e4gt ebenfalls zum Komfort und zur Flexibilit\u00e4t dieser Schr\u00e4nke bei.  <\/p><p>Aber das ist noch nicht alles &#8211; die D-UNI Serie umfasst auch vertikale Kabelkan\u00e4le mit Halterungen, die neben den Profilschienen installiert werden (ab einer Schrankbreite von 600 mm). Diese Funktion hilft, die Kabel zu ordnen und aus dem Weg zu halten, so dass eine saubere und aufger\u00e4umte Einrichtung gew\u00e4hrleistet ist. Au\u00dferdem sorgt die versetzte, abnehmbare Abdeckung mit L\u00fcftungsschlitzen f\u00fcr eine bessere Luftzirkulation und damit f\u00fcr ein effizienteres K\u00fchlsystem.   Diese Abdeckung verf\u00fcgt au\u00dferdem \u00fcber ein spezielles Design f\u00fcr die einfache Montage eines L\u00fcftermoduls, was die Aufrechterhaltung der idealen Temperatur f\u00fcr Ihre Netzwerkausr\u00fcstung noch einfacher macht.<\/p><p>Das Innere jedes D-UNI Schranks ist mit zwei Paaren verzinkter 483 mm (19&#8243;) Profilschienen ausgestattet, die in beide Richtungen lesbar mit Rackeinheiten beschriftet sind. Diese Profilschienen sind in der Tiefe verstellbar und mit zus\u00e4tzlichen Tiefenleisten im Schrank verbunden. Dies erm\u00f6glicht eine einfache Anpassung an Ihre spezifischen Ger\u00e4te- und Verkabelungsanforderungen.  <\/p><p>Und vergessen Sie nicht die Langlebigkeit dieser Schr\u00e4nke. Jeder einzelne ist aus bis zu 1,5 mm dickem Stahl gefertigt und garantiert eine robuste und langlebige L\u00f6sung f\u00fcr Ihre Netzwerkinfrastruktur. <\/p><p>Die Netzwerkschr\u00e4nke der D-UNI Serie bieten eine umfassende L\u00f6sung f\u00fcr eine bequeme und flexible Netzwerkverkabelung. Mit Funktionen wie Einl\u00e4ssen mit B\u00fcrsten, verschiebbaren Einl\u00e4ssen mit Schaumstoffdichtung, B\u00fcrstenmanagementplatten, vertikalen Kabelkan\u00e4len und verstellbaren Profilschienen sind diese Schr\u00e4nke so konzipiert, dass die Einrichtung Ihres Netzwerks zum Kinderspiel wird. Und dank der robusten Konstruktion k\u00f6nnen Sie sich darauf verlassen, dass Ihre Netzwerkausr\u00fcstung auch in den kommenden Jahren sicher und gut organisiert ist.  <\/p>\t\t\t\t\t\t\t\t<\/div>\n\t\t\t\t<\/div>\n\t\t\t\t\t<\/div>\n\t\t\t\t<\/div>\n\t\t\t\t<\/div>\n\t\t","protected":false},"excerpt":{"rendered":"<p><b><strong>DECKRO D-UNI<\/strong><\/b> Serie wurde entwickelt, um eine optimale Leistung mit einem professionellen technischen und \u00e4sthetischen Erscheinungsbild f\u00fcr eine breite Palette von Anwendungen in den Bereichen Daten, Sicherheit, audiovisuelle Medien und Telekommunikation zu bieten und ist in verschiedenen H\u00f6hen und Tiefen erh\u00e4ltlich.<\/p>\n<p>St\u00e4rke, Benutzerfreundlichkeit und \u00c4sthetik sind die Priorit\u00e4ten des D-UNI Rack Designs. Jeder Schrank hat ein bel\u00fcftetes Dach f\u00fcr eine bessere Luftzirkulation. Die vollst\u00e4ndig einstellbaren vorderen und hinteren Profilschienen und die breiten Kabeleinf\u00fchrungen des Schranks machen dieses Produkt f\u00fcr Installateure \u00e4u\u00dferst attraktiv.  <\/p>\n<p>Jedes Regal besteht aus bis zu 1,5 mm starkem Stahlblech, das dank einer speziellen Blechbiegetechnik eine sehr gute Stabilit\u00e4t gew\u00e4hrleistet, da eine solide Stahlkonstruktion und eine Tragf\u00e4higkeit von bis zu 1000 kg erreicht werden kann.<\/p>\n","protected":false},"featured_media":87521,"template":"","meta":{"_acf_changed":false,"_monsterinsights_skip_tracking":false,"_monsterinsights_sitenote_active":true,"_monsterinsights_sitenote_note":"Published: D-UNI Series 12U 600x600 Floor Standing Rack Cabinet","_monsterinsights_sitenote_category":127},"product_brand":[],"product_cat":[991,996],"product_tag":[1132],"class_list":{"0":"post-99444","1":"product","2":"type-product","3":"status-publish","4":"has-post-thumbnail","6":"product_cat-d-uni-racks","7":"product_cat-netzwerkschraenke","8":"product_tag-d-uni-networking-racks","10":"first","11":"instock","12":"downloadable","13":"shipping-taxable","14":"product-type-simple"},"acf":[],"jetpack_sharing_enabled":true,"_links":{"self":[{"href":"https:\/\/www.deckro.net\/de\/wp-json\/wp\/v2\/product\/99444","targetHints":{"allow":["GET"]}}],"collection":[{"href":"https:\/\/www.deckro.net\/de\/wp-json\/wp\/v2\/product"}],"about":[{"href":"https:\/\/www.deckro.net\/de\/wp-json\/wp\/v2\/types\/product"}],"version-history":[{"count":3,"href":"https:\/\/www.deckro.net\/de\/wp-json\/wp\/v2\/product\/99444\/revisions"}],"predecessor-version":[{"id":99458,"href":"https:\/\/www.deckro.net\/de\/wp-json\/wp\/v2\/product\/99444\/revisions\/99458"}],"wp:featuredmedia":[{"embeddable":true,"href":"https:\/\/www.deckro.net\/de\/wp-json\/wp\/v2\/media\/87521"}],"wp:attachment":[{"href":"https:\/\/www.deckro.net\/de\/wp-json\/wp\/v2\/media?parent=99444"}],"wp:term":[{"taxonomy":"product_brand","embeddable":true,"href":"https:\/\/www.deckro.net\/de\/wp-json\/wp\/v2\/product_brand?post=99444"},{"taxonomy":"product_cat","embeddable":true,"href":"https:\/\/www.deckro.net\/de\/wp-json\/wp\/v2\/product_cat?post=99444"},{"taxonomy":"product_tag","embeddable":true,"href":"https:\/\/www.deckro.net\/de\/wp-json\/wp\/v2\/product_tag?post=99444"}],"curies":[{"name":"wp","href":"https:\/\/api.w.org\/{rel}","templated":true}]}}